{"id":3682,"date":"2025-02-19T08:40:39","date_gmt":"2025-02-19T08:40:39","guid":{"rendered":"https:\/\/need-work.com\/?page_id=3682"},"modified":"2025-03-13T10:35:32","modified_gmt":"2025-03-13T10:35:32","slug":"impressum","status":"publish","type":"page","link":"https:\/\/need-work.com\/de_de\/impressum\/","title":{"rendered":"Impressum"},"content":{"rendered":"<div data-elementor-type=\"wp-page\" data-elementor-id=\"3682\" class=\"elementor elementor-3682\" data-elementor-post-type=\"page\">\n\t\t\t\t<div class=\"elementor-element elementor-element-45e8870a e-con-full e-flex e-con e-parent\" data-id=\"45e8870a\" data-element_type=\"container\" data-e-type=\"container\" data-settings=\"{&quot;background_background&quot;:&quot;classic&quot;}\">\n\t\t<div class=\"elementor-element elementor-element-72eb3a42 e-flex e-con-boxed e-con e-child\" data-id=\"72eb3a42\" data-element_type=\"container\" data-e-type=\"container\">\n\t\t\t\t\t<div class=\"e-con-inner\">\n\t\t\t\t<div class=\"elementor-element elementor-element-2665b78b animated-fast elementor-invisible elementor-widget elementor-widget-image\" data-id=\"2665b78b\" data-element_type=\"widget\" data-e-type=\"widget\" data-settings=\"{&quot;_animation&quot;:&quot;fadeIn&quot;,&quot;_animation_delay&quot;:500}\" data-widget_type=\"image.default\">\n\t\t\t\t<div class=\"elementor-widget-container\">\n\t\t\t\t\t\t\t\t\t\t\t\t\t\t\t<img decoding=\"async\" src=\"https:\/\/need-work.com\/wp-content\/uploads\/elementor\/thumbs\/012-Perspective-view-of-Modern-Building-Logo-Mockup-1-r632nkrurw4wuz0oh6jvm8g0lbeq3os6j09jbw0e98.png\" title=\"012 Perspective view of Modern Building Logo Mockup\" alt=\"012 Perspective view of Modern Building Logo Mockup\" loading=\"lazy\" \/>\t\t\t\t\t\t\t\t\t\t\t\t\t\t\t<\/div>\n\t\t\t\t<\/div>\n\t\t\t\t\t<\/div>\n\t\t\t\t<\/div>\n\t\t<div class=\"elementor-element elementor-element-1e02a15f e-flex e-con-boxed e-con e-child\" data-id=\"1e02a15f\" data-element_type=\"container\" data-e-type=\"container\">\n\t\t\t\t\t<div class=\"e-con-inner\">\n\t\t<div class=\"elementor-element elementor-element-7b6cf93a e-con-full animated-fast e-flex elementor-invisible e-con e-child\" data-id=\"7b6cf93a\" data-element_type=\"container\" data-e-type=\"container\" data-settings=\"{&quot;animation&quot;:&quot;fadeIn&quot;,&quot;animation_delay&quot;:750}\">\n\t\t\t\t<div class=\"elementor-element elementor-element-6eaa8f50 elementor-widget elementor-widget-heading\" data-id=\"6eaa8f50\" data-element_type=\"widget\" data-e-type=\"widget\" data-widget_type=\"heading.default\">\n\t\t\t\t<div class=\"elementor-widget-container\">\n\t\t\t\t\t<h1 class=\"elementor-heading-title elementor-size-default\">Impressum<\/h1>\t\t\t\t<\/div>\n\t\t\t\t<\/div>\n\t\t\t\t<\/div>\n\t\t<div class=\"elementor-element elementor-element-31ab2649 e-con-full animated-fast e-flex elementor-invisible e-con e-child\" data-id=\"31ab2649\" data-element_type=\"container\" data-e-type=\"container\" data-settings=\"{&quot;animation&quot;:&quot;fadeIn&quot;,&quot;animation_delay&quot;:1000}\">\n\t\t\t\t<div class=\"elementor-element elementor-element-6077da0b elementor-widget elementor-widget-text-editor\" data-id=\"6077da0b\" data-element_type=\"widget\" data-e-type=\"widget\" data-widget_type=\"text-editor.default\">\n\t\t\t\t<div class=\"elementor-widget-container\">\n\t\t\t\t\t\t\t\t\t<p><strong>Need Business Solutions UG (haftungsbeschr\u00e4nkt)<\/strong><br \/>Steinbeker Hauptstra\u00dfe 160<br \/>22115 Hamburg<\/p><p>Handelsregister: HRB190451<br \/>Registergericht: Amtsgericht Hamburg<\/p><p><strong>Vertreten durch:<\/strong><br \/>Samet Kavralo\u011flu<\/p><h2>Kontakt<\/h2><p>Telefon: (wird erg\u00e4nzt)<br \/>E-Mail: office@needpersonal.de<\/p><h2>Umsatzsteuer-ID<\/h2><p>Umsatzsteuer-Identifikationsnummer gem\u00e4\u00df \u00a7 27 a Umsatzsteuergesetz:<\/p><p>46\/746\/04063 &#8211; HRB 190451<\/p><h2>Redaktionell verantwortlich<\/h2><p>Samet Kavralo\u011flu<\/p><h2>EU-Streitschlichtung<\/h2><p>Die Europ\u00e4ische Kommission stellt eine Plattform zur Online-Streitbeilegung (OS) bereit:\u00a0<a href=\"https:\/\/ec.europa.eu\/consumers\/odr\/\" target=\"_blank\" rel=\"noopener noreferrer\">https:\/\/ec.europa.eu\/consumers\/odr\/<\/a>.<br \/>Unsere E-Mail-Adresse finden Sie oben im Impressum.<\/p><h2>Verbraucher\u00adstreit\u00adbeilegung\/Universal\u00adschlichtungs\u00adstelle<\/h2><p>Wir sind nicht bereit oder verpflichtet, an Streitbeilegungsverfahren vor einer Verbraucherschlichtungsstelle teilzunehmen.<\/p>\t\t\t\t\t\t\t\t<\/div>\n\t\t\t\t<\/div>\n\t\t\t\t<\/div>\n\t\t\t\t\t<\/div>\n\t\t\t\t<\/div>\n\t\t\t\t<\/div>\n\t\t\t\t<\/div>","protected":false},"excerpt":{"rendered":"<p>Impressum Need Business Solutions UG (haftungsbeschr\u00c3\u00a4nkt)Steinbeker Hauptstra\u00c3\u0178e 16022115 Hamburg Handelsregister: HRB190451Registergericht: Amtsgericht Hamburg Vertreten durch:Samet Kavralo\u00c4\u0178lu Kontakt Telefon: (wird erg\u00c3\u00a4nzt)E-Mail: office@needpersonal.de Umsatzsteuer-ID Umsatzsteuer-Identifikationsnummer gem\u00c3\u00a4\u00c3\u0178 \u00c2\u00a7 27 a Umsatzsteuergesetz: 46\/746\/04063 &#8211; HRB 190451 Redaktionell verantwortlich Samet Kavralo\u00c4\u0178lu EU-Streitschlichtung Die Europ\u00c3\u00a4ische Kommission stellt eine Plattform zur Online-Streitbeilegung (OS) bereit:\u00c2\u00a0https:\/\/ec.europa.eu\/consumers\/odr\/.Unsere E-Mail-Adresse finden Sie oben im Impressum. Verbraucher\u00c2\u00adstreit\u00c2\u00adbeilegung\/Universal\u00c2\u00adschlichtungs\u00c2\u00adstelle Wir [&hellip;]<\/p>\n","protected":false},"author":2,"featured_media":0,"parent":0,"menu_order":0,"comment_status":"closed","ping_status":"closed","template":"elementor_header_footer","meta":{"_srfm_raw_cpt_meta":"","_srfm_pdf_meta":"","footnotes":""},"class_list":["post-3682","page","type-page","status-publish","hentry"],"yoast_head":"<!-- This site is optimized with the Yoast SEO Premium plugin v27.2 (Yoast SEO v27.4) - https:\/\/yoast.com\/product\/yoast-seo-premium-wordpress\/ -->\n<title>Impressum - Need Work - International work made easy<\/title>\n<meta name=\"robots\" content=\"index, follow, max-snippet:-1, max-image-preview:large, max-video-preview:-1\" \/>\n<link rel=\"canonical\" href=\"https:\/\/need-work.com\/de_de\/impressum\/\" \/>\n<meta property=\"og:locale\" content=\"de_DE\" \/>\n<meta property=\"og:type\" content=\"article\" \/>\n<meta property=\"og:title\" content=\"Impressum\" \/>\n<meta property=\"og:description\" content=\"Impressum Need Business Solutions UG (haftungsbeschr\u00c3\u00a4nkt)Steinbeker Hauptstra\u00c3\u0178e 16022115 Hamburg Handelsregister: HRB190451Registergericht: Amtsgericht Hamburg Vertreten durch:Samet Kavralo\u00c4\u0178lu Kontakt Telefon: (wird erg\u00c3\u00a4nzt)E-Mail: office@needpersonal.de Umsatzsteuer-ID Umsatzsteuer-Identifikationsnummer gem\u00c3\u00a4\u00c3\u0178 \u00c2\u00a7 27 a Umsatzsteuergesetz: 46\/746\/04063 &#8211; HRB 190451 Redaktionell verantwortlich Samet Kavralo\u00c4\u0178lu EU-Streitschlichtung Die Europ\u00c3\u00a4ische Kommission stellt eine Plattform zur Online-Streitbeilegung (OS) bereit:\u00c2\u00a0https:\/\/ec.europa.eu\/consumers\/odr\/.Unsere E-Mail-Adresse finden Sie oben im Impressum. Verbraucher\u00c2\u00adstreit\u00c2\u00adbeilegung\/Universal\u00c2\u00adschlichtungs\u00c2\u00adstelle Wir [&hellip;]\" \/>\n<meta property=\"og:url\" content=\"https:\/\/need-work.com\/de_de\/impressum\/\" \/>\n<meta property=\"og:site_name\" content=\"Need Work - International work made easy\" \/>\n<meta property=\"article:modified_time\" content=\"2025-03-13T10:35:32+00:00\" \/>\n<meta property=\"og:image\" content=\"https:\/\/need-work.com\/wp-content\/uploads\/elementor\/thumbs\/012-Perspective-view-of-Modern-Building-Logo-Mockup-1-r22p91qfk7ejk7ow6usqfeyd9xo9kztzfo89s6q5gs.png\" \/>\n<meta name=\"twitter:card\" content=\"summary_large_image\" \/>\n<script type=\"application\/ld+json\" class=\"yoast-schema-graph\">{\"@context\":\"https:\\\/\\\/schema.org\",\"@graph\":[{\"@type\":\"WebPage\",\"@id\":\"https:\\\/\\\/need-work.com\\\/impressum\\\/\",\"url\":\"https:\\\/\\\/need-work.com\\\/impressum\\\/\",\"name\":\"Impressum - Need Work - International work made easy\",\"isPartOf\":{\"@id\":\"https:\\\/\\\/need-work.com\\\/#website\"},\"primaryImageOfPage\":{\"@id\":\"https:\\\/\\\/need-work.com\\\/impressum\\\/#primaryimage\"},\"image\":{\"@id\":\"https:\\\/\\\/need-work.com\\\/impressum\\\/#primaryimage\"},\"thumbnailUrl\":\"https:\\\/\\\/need-work.com\\\/wp-content\\\/uploads\\\/elementor\\\/thumbs\\\/012-Perspective-view-of-Modern-Building-Logo-Mockup-1-r22p91qfk7ejk7ow6usqfeyd9xo9kztzfo89s6q5gs.png\",\"datePublished\":\"2025-02-19T08:40:39+00:00\",\"dateModified\":\"2025-03-13T10:35:32+00:00\",\"breadcrumb\":{\"@id\":\"https:\\\/\\\/need-work.com\\\/impressum\\\/#breadcrumb\"},\"inLanguage\":\"de\",\"potentialAction\":[{\"@type\":\"ReadAction\",\"target\":[\"https:\\\/\\\/need-work.com\\\/impressum\\\/\"]}]},{\"@type\":\"ImageObject\",\"inLanguage\":\"de\",\"@id\":\"https:\\\/\\\/need-work.com\\\/impressum\\\/#primaryimage\",\"url\":\"https:\\\/\\\/need-work.com\\\/wp-content\\\/uploads\\\/elementor\\\/thumbs\\\/012-Perspective-view-of-Modern-Building-Logo-Mockup-1-r22p91qfk7ejk7ow6usqfeyd9xo9kztzfo89s6q5gs.png\",\"contentUrl\":\"https:\\\/\\\/need-work.com\\\/wp-content\\\/uploads\\\/elementor\\\/thumbs\\\/012-Perspective-view-of-Modern-Building-Logo-Mockup-1-r22p91qfk7ejk7ow6usqfeyd9xo9kztzfo89s6q5gs.png\"},{\"@type\":\"BreadcrumbList\",\"@id\":\"https:\\\/\\\/need-work.com\\\/impressum\\\/#breadcrumb\",\"itemListElement\":[{\"@type\":\"ListItem\",\"position\":1,\"name\":\"Anasayfa\",\"item\":\"https:\\\/\\\/need-work.com\\\/\"},{\"@type\":\"ListItem\",\"position\":2,\"name\":\"Impressum\"}]},{\"@type\":\"WebSite\",\"@id\":\"https:\\\/\\\/need-work.com\\\/#website\",\"url\":\"https:\\\/\\\/need-work.com\\\/\",\"name\":\"Need Work - International work made easy\",\"description\":\"\",\"publisher\":{\"@id\":\"https:\\\/\\\/need-work.com\\\/#organization\"},\"potentialAction\":[{\"@type\":\"SearchAction\",\"target\":{\"@type\":\"EntryPoint\",\"urlTemplate\":\"https:\\\/\\\/need-work.com\\\/?s={search_term_string}\"},\"query-input\":{\"@type\":\"PropertyValueSpecification\",\"valueRequired\":true,\"valueName\":\"search_term_string\"}}],\"inLanguage\":\"de\"},{\"@type\":\"Organization\",\"@id\":\"https:\\\/\\\/need-work.com\\\/#organization\",\"name\":\"Need Work - International work made easy\",\"url\":\"https:\\\/\\\/need-work.com\\\/\",\"logo\":{\"@type\":\"ImageObject\",\"inLanguage\":\"de\",\"@id\":\"https:\\\/\\\/need-work.com\\\/#\\\/schema\\\/logo\\\/image\\\/\",\"url\":\"https:\\\/\\\/need-work.com\\\/wp-content\\\/uploads\\\/2025\\\/07\\\/cropped-Zeichenflaeche-1-Kopie-2-e1752235823495.png\",\"contentUrl\":\"https:\\\/\\\/need-work.com\\\/wp-content\\\/uploads\\\/2025\\\/07\\\/cropped-Zeichenflaeche-1-Kopie-2-e1752235823495.png\",\"width\":755,\"height\":288,\"caption\":\"Need Work - International work made easy\"},\"image\":{\"@id\":\"https:\\\/\\\/need-work.com\\\/#\\\/schema\\\/logo\\\/image\\\/\"}}]}<\/script>\n<!-- \/ Yoast SEO Premium plugin. -->","yoast_head_json":{"title":"Impressum - Need Work - International work made easy","robots":{"index":"index","follow":"follow","max-snippet":"max-snippet:-1","max-image-preview":"max-image-preview:large","max-video-preview":"max-video-preview:-1"},"canonical":"https:\/\/need-work.com\/de_de\/impressum\/","og_locale":"de_DE","og_type":"article","og_title":"Impressum","og_description":"Impressum Need Business Solutions UG (haftungsbeschr\u00c3\u00a4nkt)Steinbeker Hauptstra\u00c3\u0178e 16022115 Hamburg Handelsregister: HRB190451Registergericht: Amtsgericht Hamburg Vertreten durch:Samet Kavralo\u00c4\u0178lu Kontakt Telefon: (wird erg\u00c3\u00a4nzt)E-Mail: office@needpersonal.de Umsatzsteuer-ID Umsatzsteuer-Identifikationsnummer gem\u00c3\u00a4\u00c3\u0178 \u00c2\u00a7 27 a Umsatzsteuergesetz: 46\/746\/04063 &#8211; HRB 190451 Redaktionell verantwortlich Samet Kavralo\u00c4\u0178lu EU-Streitschlichtung Die Europ\u00c3\u00a4ische Kommission stellt eine Plattform zur Online-Streitbeilegung (OS) bereit:\u00c2\u00a0https:\/\/ec.europa.eu\/consumers\/odr\/.Unsere E-Mail-Adresse finden Sie oben im Impressum. Verbraucher\u00c2\u00adstreit\u00c2\u00adbeilegung\/Universal\u00c2\u00adschlichtungs\u00c2\u00adstelle Wir [&hellip;]","og_url":"https:\/\/need-work.com\/de_de\/impressum\/","og_site_name":"Need Work - International work made easy","article_modified_time":"2025-03-13T10:35:32+00:00","og_image":[{"url":"https:\/\/need-work.com\/wp-content\/uploads\/elementor\/thumbs\/012-Perspective-view-of-Modern-Building-Logo-Mockup-1-r22p91qfk7ejk7ow6usqfeyd9xo9kztzfo89s6q5gs.png","type":"","width":"","height":""}],"twitter_card":"summary_large_image","schema":{"@context":"https:\/\/schema.org","@graph":[{"@type":"WebPage","@id":"https:\/\/need-work.com\/impressum\/","url":"https:\/\/need-work.com\/impressum\/","name":"Impressum - Need Work - International work made easy","isPartOf":{"@id":"https:\/\/need-work.com\/#website"},"primaryImageOfPage":{"@id":"https:\/\/need-work.com\/impressum\/#primaryimage"},"image":{"@id":"https:\/\/need-work.com\/impressum\/#primaryimage"},"thumbnailUrl":"https:\/\/need-work.com\/wp-content\/uploads\/elementor\/thumbs\/012-Perspective-view-of-Modern-Building-Logo-Mockup-1-r22p91qfk7ejk7ow6usqfeyd9xo9kztzfo89s6q5gs.png","datePublished":"2025-02-19T08:40:39+00:00","dateModified":"2025-03-13T10:35:32+00:00","breadcrumb":{"@id":"https:\/\/need-work.com\/impressum\/#breadcrumb"},"inLanguage":"de","potentialAction":[{"@type":"ReadAction","target":["https:\/\/need-work.com\/impressum\/"]}]},{"@type":"ImageObject","inLanguage":"de","@id":"https:\/\/need-work.com\/impressum\/#primaryimage","url":"https:\/\/need-work.com\/wp-content\/uploads\/elementor\/thumbs\/012-Perspective-view-of-Modern-Building-Logo-Mockup-1-r22p91qfk7ejk7ow6usqfeyd9xo9kztzfo89s6q5gs.png","contentUrl":"https:\/\/need-work.com\/wp-content\/uploads\/elementor\/thumbs\/012-Perspective-view-of-Modern-Building-Logo-Mockup-1-r22p91qfk7ejk7ow6usqfeyd9xo9kztzfo89s6q5gs.png"},{"@type":"BreadcrumbList","@id":"https:\/\/need-work.com\/impressum\/#breadcrumb","itemListElement":[{"@type":"ListItem","position":1,"name":"Anasayfa","item":"https:\/\/need-work.com\/"},{"@type":"ListItem","position":2,"name":"Impressum"}]},{"@type":"WebSite","@id":"https:\/\/need-work.com\/#website","url":"https:\/\/need-work.com\/","name":"Need Work - International work made easy","description":"","publisher":{"@id":"https:\/\/need-work.com\/#organization"},"potentialAction":[{"@type":"SearchAction","target":{"@type":"EntryPoint","urlTemplate":"https:\/\/need-work.com\/?s={search_term_string}"},"query-input":{"@type":"PropertyValueSpecification","valueRequired":true,"valueName":"search_term_string"}}],"inLanguage":"de"},{"@type":"Organization","@id":"https:\/\/need-work.com\/#organization","name":"Need Work - International work made easy","url":"https:\/\/need-work.com\/","logo":{"@type":"ImageObject","inLanguage":"de","@id":"https:\/\/need-work.com\/#\/schema\/logo\/image\/","url":"https:\/\/need-work.com\/wp-content\/uploads\/2025\/07\/cropped-Zeichenflaeche-1-Kopie-2-e1752235823495.png","contentUrl":"https:\/\/need-work.com\/wp-content\/uploads\/2025\/07\/cropped-Zeichenflaeche-1-Kopie-2-e1752235823495.png","width":755,"height":288,"caption":"Need Work - International work made easy"},"image":{"@id":"https:\/\/need-work.com\/#\/schema\/logo\/image\/"}}]}},"_links":{"self":[{"href":"https:\/\/need-work.com\/de_de\/wp-json\/wp\/v2\/pages\/3682","targetHints":{"allow":["GET"]}}],"collection":[{"href":"https:\/\/need-work.com\/de_de\/wp-json\/wp\/v2\/pages"}],"about":[{"href":"https:\/\/need-work.com\/de_de\/wp-json\/wp\/v2\/types\/page"}],"author":[{"embeddable":true,"href":"https:\/\/need-work.com\/de_de\/wp-json\/wp\/v2\/users\/2"}],"replies":[{"embeddable":true,"href":"https:\/\/need-work.com\/de_de\/wp-json\/wp\/v2\/comments?post=3682"}],"version-history":[{"count":19,"href":"https:\/\/need-work.com\/de_de\/wp-json\/wp\/v2\/pages\/3682\/revisions"}],"predecessor-version":[{"id":3998,"href":"https:\/\/need-work.com\/de_de\/wp-json\/wp\/v2\/pages\/3682\/revisions\/3998"}],"wp:attachment":[{"href":"https:\/\/need-work.com\/de_de\/wp-json\/wp\/v2\/media?parent=3682"}],"curies":[{"name":"wp","href":"https:\/\/api.w.org\/{rel}","templated":true}]}}